{"id":16,"date":"2022-02-06T17:38:50","date_gmt":"2022-02-06T15:38:50","guid":{"rendered":"https:\/\/dev.bilborchalet.com\/?page_id=16"},"modified":"2024-04-16T15:45:29","modified_gmt":"2024-04-16T12:45:29","slug":"traieste","status":"publish","type":"page","link":"https:\/\/dev.bilborchalet.com\/en\/traieste\/","title":{"rendered":"Live"},"content":{"rendered":"<div data-elementor-type=\"wp-page\" data-elementor-id=\"16\" class=\"elementor elementor-16\">\n\t\t\t\t\t\t<section class=\"elementor-section elementor-top-section elementor-element elementor-element-26b119b elementor-section-boxed elementor-section-height-default elementor-section-height-default\" data-id=\"26b119b\" data-element_type=\"section\" data-settings=\"{&quot;background_background&quot;:&quot;classic&quot;,&quot;shape_divider_bottom&quot;:&quot;mountains&quot;}\">\n\t\t\t\t\t<div class=\"elementor-shape elementor-shape-bottom\" data-negative=\"false\">\n\t\t\t<svg xmlns=\"http:\/\/www.w3.org\/2000\/svg\" viewbox=\"0 0 1000 100\" preserveaspectratio=\"none\">\n\t<path class=\"elementor-shape-fill\" opacity=\"0.33\" d=\"M473,67.3c-203.9,88.3-263.1-34-320.3,0C66,119.1,0,59.7,0,59.7V0h1000v59.7 c0,0-62.1,26.1-94.9,29.3c-32.8,3.3-62.8-12.3-75.8-22.1C806,49.6,745.3,8.7,694.9,4.7S492.4,59,473,67.3z\"\/>\n\t<path class=\"elementor-shape-fill\" opacity=\"0.66\" d=\"M734,67.3c-45.5,0-77.2-23.2-129.1-39.1c-28.6-8.7-150.3-10.1-254,39.1 s-91.7-34.4-149.2,0C115.7,118.3,0,39.8,0,39.8V0h1000v36.5c0,0-28.2-18.5-92.1-18.5C810.2,18.1,775.7,67.3,734,67.3z\"\/>\n\t<path class=\"elementor-shape-fill\" d=\"M766.1,28.9c-200-57.5-266,65.5-395.1,19.5C242,1.8,242,5.4,184.8,20.6C128,35.8,132.3,44.9,89.9,52.5C28.6,63.7,0,0,0,0 h1000c0,0-9.9,40.9-83.6,48.1S829.6,47,766.1,28.9z\"\/>\n<\/svg>\t\t<\/div>\n\t\t\t\t\t<div class=\"elementor-container elementor-column-gap-default\">\n\t\t\t\t\t<div class=\"elementor-column elementor-col-100 elementor-top-column elementor-element elementor-element-dbec4f1\" data-id=\"dbec4f1\" data-element_type=\"column\">\n\t\t\t<div class=\"elementor-widget-wrap elementor-element-populated\">\n\t\t\t\t\t\t<div class=\"elementor-element elementor-element-5f49b00 elementor-widget elementor-widget-text-editor\" data-id=\"5f49b00\" data-element_type=\"widget\" data-widget_type=\"text-editor.default\">\n\t\t\t\t\t\t<div class=\"elementor-widget-container\">\n\t\t\t\t\t\t\t<h2>Dear peace seeker,<\/h2><p>We know, you&#039;re looking for one <strong>idyllic place<\/strong> where <strong>to forget about the crowd<\/strong> and <strong>the noisy everyday problems<\/strong>. We know you want to <strong>relax<\/strong> indeed alongside your loved ones, <strong>disconnect<\/strong> and <strong>rediscover the meaning of small joys in life<\/strong>\u2026 Well, you&#039;ve come to the right place!<\/p><p><br \/><strong>Bilbor Chalet<\/strong> represents not only a place to stay in the mountains, but also a <strong>memorable experience<\/strong>, which may create \"addiction\" and become, actually, a real lifestyle for you, your family and friends.<\/p><p><br \/>Here you will <strong>find the peace<\/strong> of mind and body that you need, your eyes will get delighted seeing the <strong>dream landscape<\/strong> and <strong>you will breathe in the purest air found in Romania<\/strong>! You will explore the lesser-known surroundings in our country and release your inner emotions with every tourist attraction or activity carried out in the area.<\/p><p><br \/>Bilbor Chalet is a concept based on core values such as Quality, Generosity and Innovation.<\/p><p><br \/>Here <strong>we love nature<\/strong>, and even Bilbor Chalet itself loves nature!<\/p><p><br \/>The cottage was built from as many eco-friendly materials as possible (wood, water-based varnish, natural fabrics and natural stone), it uses a 100% ecological heating system, its own sewer system with ecological septic tanks and a rainwater harvesting system. Last but not least, we would like you to know that we also own a charging station for electric cars, treating every action that both us and our guests are taking with complete environmental responsibility.<\/p><p><br \/>In conclusion, we would like to <strong>fully guarantee<\/strong> the <strong>comfort<\/strong> and <strong>the authenticity of this realm<\/strong> which had been superbly built in perfect harmony with nature.<\/p><p>Looking forward to seeing you,<br \/>The Bilbor Chalet team<\/p><p>\u00a0<\/p>\t\t\t\t\t\t<\/div>\n\t\t\t\t<\/div>\n\t\t\t\t\t<\/div>\n\t\t<\/div>\n\t\t\t\t\t<\/div>\n\t\t<\/section>\n\t\t\t\t<section class=\"elementor-section elementor-top-section elementor-element elementor-element-77c3454 elementor-section-boxed elementor-section-height-default elementor-section-height-default\" data-id=\"77c3454\" data-element_type=\"section\">\n\t\t\t\t\t\t<div class=\"elementor-container elementor-column-gap-default\">\n\t\t\t\t\t<div class=\"elementor-column elementor-col-100 elementor-top-column elementor-element elementor-element-f76a41b\" data-id=\"f76a41b\" data-element_type=\"column\">\n\t\t\t<div class=\"elementor-widget-wrap elementor-element-populated\">\n\t\t\t\t\t\t<div class=\"elementor-element elementor-element-4dd3852 elementor-widget elementor-widget-uael-fancy-heading\" data-id=\"4dd3852\" data-element_type=\"widget\" data-settings=\"{&quot;fancytext_align&quot;:&quot;center&quot;,&quot;fancytext_space_prefix&quot;:{&quot;unit&quot;:&quot;px&quot;,&quot;size&quot;:&quot;&quot;,&quot;sizes&quot;:[]},&quot;fancytext_space_suffix&quot;:{&quot;unit&quot;:&quot;px&quot;,&quot;size&quot;:10,&quot;sizes&quot;:[]},&quot;text_padding&quot;:{&quot;unit&quot;:&quot;px&quot;,&quot;top&quot;:&quot;0&quot;,&quot;right&quot;:&quot;0&quot;,&quot;bottom&quot;:&quot;0&quot;,&quot;left&quot;:&quot;0&quot;,&quot;isLinked&quot;:true},&quot;fancytext_space_prefix_tablet&quot;:{&quot;unit&quot;:&quot;px&quot;,&quot;size&quot;:&quot;&quot;,&quot;sizes&quot;:[]},&quot;fancytext_space_prefix_mobile&quot;:{&quot;unit&quot;:&quot;px&quot;,&quot;size&quot;:&quot;&quot;,&quot;sizes&quot;:[]},&quot;fancytext_space_suffix_tablet&quot;:{&quot;unit&quot;:&quot;px&quot;,&quot;size&quot;:&quot;&quot;,&quot;sizes&quot;:[]},&quot;fancytext_space_suffix_mobile&quot;:{&quot;unit&quot;:&quot;px&quot;,&quot;size&quot;:&quot;&quot;,&quot;sizes&quot;:[]},&quot;text_padding_tablet&quot;:{&quot;unit&quot;:&quot;px&quot;,&quot;top&quot;:&quot;&quot;,&quot;right&quot;:&quot;&quot;,&quot;bottom&quot;:&quot;&quot;,&quot;left&quot;:&quot;&quot;,&quot;isLinked&quot;:true},&quot;text_padding_mobile&quot;:{&quot;unit&quot;:&quot;px&quot;,&quot;top&quot;:&quot;&quot;,&quot;right&quot;:&quot;&quot;,&quot;bottom&quot;:&quot;&quot;,&quot;left&quot;:&quot;&quot;,&quot;isLinked&quot;:true}}\" data-widget_type=\"uael-fancy-heading.default\">\n\t\t\t\t\t\t<div class=\"elementor-widget-container\">\n\t\t\t\t\t<div class=\"uael-module-content uael-fancy-text-node\" data-animation=\"slide\" data-speed=\"1000\" data-pause=\"2500\" data-mousepause=\"1\" data-strings=\"[&quot;DAYS&quot;,&quot;ENDS&quot;]\">\n\t\t\t\t\t\t\t\t\t\t\t<h2 class=\"uael-fancy-text-wrap uael-fancy-text-slide\">\n\t\t\t\t\t\t\t\t\t\t\t<span class=\"uael-fancy-heading uael-fancy-text-prefix\">Happy WEEK<\/span>\n\t\t\t\t\t\t\t\t\t\t\t<span class=\"uael-fancy-stack\">\n\t\t\t\t\t\t\t\t\t\t\t\t<span class=\"uael-fancy-heading uael-fancy-text-main uael-slide-main uael-adjust-width\">\n\t\t\t\t\t\t\t\t<span class=\"uael-slide-main_ul\">\n\t\t\t\t\t\t\t\t\t\t\t\t\t\t\t\t\t\t\t\t\t\t\t\t\t\t\t\t\t\t<span class=\"uael-slide-block\"><span class=\"uael-slide_text\">DAYS<\/span>\n\t\t\t\t\t\t\t\t\t\t\t<\/span>\n\t\t\t\t\t\t\t\t\t\t\t\t\t\t\t\t\t\t\t\t\t\t\t\t\t\t\t\t\t\t\t\t\t\t\t\t\t\t\t\t\t\t<span class=\"uael-slide-block\"><span class=\"uael-slide_text\">ENDS<\/span>\n\t\t\t\t\t\t\t\t\t\t\t<\/span>\n\t\t\t\t\t\t\t\t\t\t\t\t\t\t\t\t\t\t\t\t\t\t\t\t\t\t\t\t\t<\/span>\n\t\t\t\t\t\t\t<\/span>\n\t\t\t\t\t\t\t\t\t\t\t\t<\/span>\n\t\t\t\t\t\t\t\t\t\t\t<span class=\"uael-fancy-heading uael-fancy-text-suffix\">at the CHALET<\/span>\n\t\t\t\t\t\t\t\t\t<\/h2>\t\t\t\t\t<\/div>\n\t\t\t\t<\/div>\n\t\t\t\t<\/div>\n\t\t\t\t<div class=\"elementor-element elementor-element-7ae327e elementor-widget elementor-widget-heading\" data-id=\"7ae327e\" data-element_type=\"widget\" data-widget_type=\"heading.default\">\n\t\t\t\t\t\t<div class=\"elementor-widget-container\">\n\t\t\t<h2 class=\"elementor-heading-title elementor-size-default\">No individual rooms can be rented at the property.<\/h2>\t\t<\/div>\n\t\t\t\t<\/div>\n\t\t\t\t<section class=\"elementor-section elementor-inner-section elementor-element elementor-element-6c9c840 elementor-section-boxed elementor-section-height-default elementor-section-height-default\" data-id=\"6c9c840\" data-element_type=\"section\">\n\t\t\t\t\t\t<div class=\"elementor-container elementor-column-gap-default\">\n\t\t\t\t\t<div class=\"elementor-column elementor-col-50 elementor-inner-column elementor-element elementor-element-84e13e7\" data-id=\"84e13e7\" data-element_type=\"column\" data-settings=\"{&quot;background_background&quot;:&quot;classic&quot;}\">\n\t\t\t<div class=\"elementor-widget-wrap elementor-element-populated\">\n\t\t\t\t\t\t<div class=\"elementor-element elementor-element-119d42d elementor-widget elementor-widget-price-table\" data-id=\"119d42d\" data-element_type=\"widget\" data-widget_type=\"price-table.default\">\n\t\t\t\t\t\t<div class=\"elementor-widget-container\">\n\t\t\t\n\t\t<div class=\"elementor-price-table\">\n\t\t\t\t\t\t\t<div class=\"elementor-price-table__header\">\n\t\t\t\t\t\t\t\t\t\t\t<h2 class=\"elementor-price-table__heading\">\n\t\t\t\t\t\tLONG WEEKEND at the CHALET\t\t\t\t\t\t<\/h2>\n\t\t\t\t\t\n\t\t\t\t\t\t\t\t\t<\/div>\n\t\t\t\n\t\t\t<div class=\"elementor-price-table__price\">\n\t\t\t\t\t\t\t\t<span class=\"elementor-price-table__currency\">LEI<\/span>\t\t\t\t\t\t\t\t\t<span class=\"elementor-price-table__integer-part\">\n\t\t\t\t\t\t6000\t\t\t\t\t<\/span>\n\t\t\t\t\n\t\t\t\t\t\t\t\t\t<div class=\"elementor-price-table__after-price\">\n\t\t\t\t\t\t<span class=\"elementor-price-table__fractional-part\">\n\t\t\t\t\t\t\t\t\t\t\t\t\t<\/span>\n\n\t\t\t\t\t\t\t\t\t\t\t\t\t<span class=\"elementor-price-table__period elementor-typo-excluded\">Friday 9 p.m.<br>Sunday 9 p.m.<\/span>\t\t\t\t\t\t\t\t\t\t\t<\/div>\n\t\t\t\t\n\t\t\t\t\n\t\t\t\t\t\t\t<\/div>\n\n\t\t\t\t\t\t\t<ul class=\"elementor-price-table__features-list\">\n\t\t\t\t\t\t\t\t\t\t\t<li class=\"elementor-repeater-item-d1747cb\">\n\t\t\t\t\t\t\t<div class=\"elementor-price-table__feature-inner\">\n\t\t\t\t\t\t\t\t\t\t\t\t\t\t\t\t\t\t\t\t\t\t\t\t\t<span >\n\t\t\t\t\t\t\t\t\t\tDo you want a cottage for rent for the whole weekend?\t\t\t\t\t\t\t\t\t<\/span>\n\t\t\t\t\t\t\t\t\t\t\t\t\t\t\t\t<\/div>\n\t\t\t\t\t\t<\/li>\n\t\t\t\t\t\t\t\t\t\t\t<li class=\"elementor-repeater-item-3314988\">\n\t\t\t\t\t\t\t<div class=\"elementor-price-table__feature-inner\">\n\t\t\t\t\t\t\t\t\t\t\t\t\t\t\t\t\t\t\t\t\t\t\t\t\t<span >\n\t\t\t\t\t\t\t\t\t\tCome with your family and friends from Friday morning at 9:00 and relax in the Bilbor Chalet style until Sunday evening at 21:00!\t\t\t\t\t\t\t\t\t<\/span>\n\t\t\t\t\t\t\t\t\t\t\t\t\t\t\t\t<\/div>\n\t\t\t\t\t\t<\/li>\n\t\t\t\t\t\t\t\t\t<\/ul>\n\t\t\t\n\t\t\t\t\t<\/div>\n\n\t\t\t\t<\/div>\n\t\t\t\t<\/div>\n\t\t\t\t\t<\/div>\n\t\t<\/div>\n\t\t\t\t<div class=\"elementor-column elementor-col-50 elementor-inner-column elementor-element elementor-element-8f6899d\" data-id=\"8f6899d\" data-element_type=\"column\" data-settings=\"{&quot;background_background&quot;:&quot;classic&quot;}\">\n\t\t\t<div class=\"elementor-widget-wrap elementor-element-populated\">\n\t\t\t\t\t\t<div class=\"elementor-element elementor-element-9de8248 elementor-widget elementor-widget-price-table\" data-id=\"9de8248\" data-element_type=\"widget\" data-widget_type=\"price-table.default\">\n\t\t\t\t\t\t<div class=\"elementor-widget-container\">\n\t\t\t\n\t\t<div class=\"elementor-price-table\">\n\t\t\t\t\t\t\t<div class=\"elementor-price-table__header\">\n\t\t\t\t\t\t\t\t\t\t\t<h5 class=\"elementor-price-table__heading\">\n\t\t\t\t\t\tBREATHE, FEEL, RELAX &amp; REPEAT\t\t\t\t\t\t<\/h5>\n\t\t\t\t\t\n\t\t\t\t\t\t\t\t\t<\/div>\n\t\t\t\n\t\t\t<div class=\"elementor-price-table__price\">\n\t\t\t\t\t\t\t\t<span class=\"elementor-price-table__currency\">LEI<\/span>\t\t\t\t\t\t\t\t\t<span class=\"elementor-price-table__integer-part\">\n\t\t\t\t\t\t2000\t\t\t\t\t<\/span>\n\t\t\t\t\n\t\t\t\t\t\t\t\t\t<div class=\"elementor-price-table__after-price\">\n\t\t\t\t\t\t<span class=\"elementor-price-table__fractional-part\">\n\t\t\t\t\t\t\t\t\t\t\t\t\t<\/span>\n\n\t\t\t\t\t\t\t\t\t\t\t\t\t<span class=\"elementor-price-table__period elementor-typo-excluded\">\/day <br>during the week<\/span>\t\t\t\t\t\t\t\t\t\t\t<\/div>\n\t\t\t\t\n\t\t\t\t\n\t\t\t\t\t\t\t<\/div>\n\n\t\t\t\t\t\t\t<ul class=\"elementor-price-table__features-list\">\n\t\t\t\t\t\t\t\t\t\t\t<li class=\"elementor-repeater-item-d1747cb\">\n\t\t\t\t\t\t\t<div class=\"elementor-price-table__feature-inner\">\n\t\t\t\t\t\t\t\t\t\t\t\t\t\t\t\t\t\t\t\t\t\t\t\t\t<span >\n\t\t\t\t\t\t\t\t\t\tCheck In at 14:00<br> Check Out at 12:00\t\t\t\t\t\t\t\t\t<\/span>\n\t\t\t\t\t\t\t\t\t\t\t\t\t\t\t\t<\/div>\n\t\t\t\t\t\t<\/li>\n\t\t\t\t\t\t\t\t\t\t\t<li class=\"elementor-repeater-item-cb9ee76\">\n\t\t\t\t\t\t\t<div class=\"elementor-price-table__feature-inner\">\n\t\t\t\t\t\t\t\t\t\t\t\t\t\t\t\t\t\t\t\t\t\t\t\t\t<span >\n\t\t\t\t\t\t\t\t\t\tMove your office to Bilbor Chalet!<br>\t\t\t\t\t\t\t\t\t<\/span>\n\t\t\t\t\t\t\t\t\t\t\t\t\t\t\t\t<\/div>\n\t\t\t\t\t\t<\/li>\n\t\t\t\t\t\t\t\t\t\t\t<li class=\"elementor-repeater-item-3314988\">\n\t\t\t\t\t\t\t<div class=\"elementor-price-table__feature-inner\">\n\t\t\t\t\t\t\t\t\t\t\t\t\t\t\t\t\t\t\t\t\t\t\t\t\t<span >\n\t\t\t\t\t\t\t\t\t\tWhether you just want to break the usual rhythm and change the boring scenery in the middle of the week or you prefer going on a vacation while others are working, we're having this great offer for you!\t\t\t\t\t\t\t\t\t<\/span>\n\t\t\t\t\t\t\t\t\t\t\t\t\t\t\t\t<\/div>\n\t\t\t\t\t\t<\/li>\n\t\t\t\t\t\t\t\t\t<\/ul>\n\t\t\t\n\t\t\t\t\t<\/div>\n\n\t\t\t\t<\/div>\n\t\t\t\t<\/div>\n\t\t\t\t\t<\/div>\n\t\t<\/div>\n\t\t\t\t\t<\/div>\n\t\t<\/section>\n\t\t\t\t<div class=\"elementor-element elementor-element-d5371d3 elementor-widget elementor-widget-uael-fancy-heading\" data-id=\"d5371d3\" data-element_type=\"widget\" data-settings=\"{&quot;fancytext_align&quot;:&quot;center&quot;,&quot;fancytext_space_prefix&quot;:{&quot;unit&quot;:&quot;px&quot;,&quot;size&quot;:&quot;&quot;,&quot;sizes&quot;:[]},&quot;text_padding&quot;:{&quot;unit&quot;:&quot;px&quot;,&quot;top&quot;:&quot;0&quot;,&quot;right&quot;:&quot;0&quot;,&quot;bottom&quot;:&quot;0&quot;,&quot;left&quot;:&quot;0&quot;,&quot;isLinked&quot;:true},&quot;fancytext_space_prefix_tablet&quot;:{&quot;unit&quot;:&quot;px&quot;,&quot;size&quot;:&quot;&quot;,&quot;sizes&quot;:[]},&quot;fancytext_space_prefix_mobile&quot;:{&quot;unit&quot;:&quot;px&quot;,&quot;size&quot;:&quot;&quot;,&quot;sizes&quot;:[]},&quot;text_padding_tablet&quot;:{&quot;unit&quot;:&quot;px&quot;,&quot;top&quot;:&quot;&quot;,&quot;right&quot;:&quot;&quot;,&quot;bottom&quot;:&quot;&quot;,&quot;left&quot;:&quot;&quot;,&quot;isLinked&quot;:true},&quot;text_padding_mobile&quot;:{&quot;unit&quot;:&quot;px&quot;,&quot;top&quot;:&quot;&quot;,&quot;right&quot;:&quot;&quot;,&quot;bottom&quot;:&quot;&quot;,&quot;left&quot;:&quot;&quot;,&quot;isLinked&quot;:true}}\" data-widget_type=\"uael-fancy-heading.default\">\n\t\t\t\t\t\t<div class=\"elementor-widget-container\">\n\t\t\t\t\t<div class=\"uael-module-content uael-fancy-text-node\" data-animation=\"slide\" data-speed=\"1000\" data-pause=\"2500\" data-mousepause=\"1\" data-strings=\"[&quot;&quot;]\">\n\t\t\t\t\t\t\t\t\t\t\t<h2 class=\"uael-fancy-text-wrap uael-fancy-text-slide\">\n\t\t\t\t\t\t\t\t\t\t\t<span class=\"uael-fancy-heading uael-fancy-text-prefix\">For 4 nights booked you have 1 free<\/span>\n\t\t\t\t\t\t\t\t\t\t\t<span class=\"uael-fancy-stack\">\n\t\t\t\t\t\t\t\t\t\t\t\t<span class=\"uael-fancy-heading uael-fancy-text-main uael-slide-main uael-adjust-width\">\n\t\t\t\t\t\t\t\t<span class=\"uael-slide-main_ul\">\n\t\t\t\t\t\t\t\t\t\t\t\t\t\t\t\t\t\t\t\t\t\t\t\t\t\t\t\t\t\t<span class=\"uael-slide-block\"><span class=\"uael-slide_text\"><\/span>\n\t\t\t\t\t\t\t\t\t\t\t<\/span>\n\t\t\t\t\t\t\t\t\t\t\t\t\t\t\t\t\t\t\t\t\t\t\t<span class=\"uael-slide-block\"><span class=\"uael-slide_text\"><\/span><\/span>\n\t\t\t\t\t\t\t\t\t\t\t\t\t\t\t\t\t\t\t\t\t\t\t\t\t\t\t\t\t<\/span>\n\t\t\t\t\t\t\t<\/span>\n\t\t\t\t\t\t\t\t\t\t\t\t<\/span>\n\t\t\t\t\t\t\t\t\t<\/h2>\t\t\t\t\t<\/div>\n\t\t\t\t<\/div>\n\t\t\t\t<\/div>\n\t\t\t\t<div class=\"elementor-element elementor-element-c100cf8 elementor-align-center elementor-widget elementor-widget-button\" data-id=\"c100cf8\" data-element_type=\"widget\" data-settings=\"{&quot;motion_fx_motion_fx_mouse&quot;:&quot;yes&quot;,&quot;motion_fx_mouseTrack_effect&quot;:&quot;yes&quot;,&quot;motion_fx_mouseTrack_speed&quot;:{&quot;unit&quot;:&quot;px&quot;,&quot;size&quot;:0.1000000000000000055511151231257827021181583404541015625,&quot;sizes&quot;:[]}}\" data-widget_type=\"button.default\">\n\t\t\t\t\t\t<div class=\"elementor-widget-container\">\n\t\t\t\t\t<div class=\"elementor-button-wrapper\">\n\t\t\t<a class=\"elementor-button elementor-button-link elementor-size-lg\" href=\"https:\/\/dev.bilborchalet.com\/en\/solicita-rezervare\/\">\n\t\t\t\t\t\t<span class=\"elementor-button-content-wrapper\">\n\t\t\t\t\t\t<span class=\"elementor-button-icon elementor-align-icon-right\">\n\t\t\t\t<i aria-hidden=\"true\" class=\"far fa-calendar-check\"><\/i>\t\t\t<\/span>\n\t\t\t\t\t\t\t\t\t<span class=\"elementor-button-text\">Reserve Now<\/span>\n\t\t\t\t\t<\/span>\n\t\t\t\t\t<\/a>\n\t\t<\/div>\n\t\t\t\t<\/div>\n\t\t\t\t<\/div>\n\t\t\t\t\t<\/div>\n\t\t<\/div>\n\t\t\t\t\t<\/div>\n\t\t<\/section>\n\t\t\t\t<\/div>","protected":false},"excerpt":{"rendered":"<p>Dear peace-seeker, We know, you are looking for an idyllic place where you can forget about the crowds and the noise of everyday problems. You want to really relax with your loved ones, disconnect and rediscover the meaning of the little joys in life\u2026 Well, you&#039;ve come to the right place! Bilbor Chalet is not only [\u2026]<\/p>","protected":false},"author":4,"featured_media":0,"parent":0,"menu_order":0,"comment_status":"closed","ping_status":"closed","template":"","meta":{"footnotes":""},"class_list":["post-16","page","type-page","status-publish","hentry"],"yoast_head":"<!-- This site is optimized with the Yoast SEO plugin v22.5 - https:\/\/yoast.com\/wordpress\/plugins\/seo\/ -->\n<title>Tr\u0103ie\u0219te - Bilbor Chalet<\/title>\n<meta name=\"robots\" content=\"noindex, follow, max-snippet:-1, max-image-preview:large, max-video-preview:-1\" \/>\n<meta property=\"og:locale\" content=\"en_GB\" \/>\n<meta property=\"og:type\" content=\"article\" \/>\n<meta property=\"og:title\" content=\"Tr\u0103ie\u0219te - Bilbor Chalet\" \/>\n<meta property=\"og:description\" content=\"Drag\u0103 doritorule de lini\u0219te, \u0218tim, e\u0219ti \u00een c\u0103utarea unui loc idilic unde s\u0103 po\u021bi uita de aglomera\u021bie \u0219i de zgomotul problemelor cotidiene. Dore\u0219ti s\u0103 te relaxezi cu adev\u0103rat al\u0103turi de cei dragi \u021bie, s\u0103 te deconectezi \u0219i s\u0103 redescoperi sensul bucuriilor mici \u00een via\u021b\u0103\u2026Ei bine, ai ajuns \u00een locul potrivit! Bilbor Chalet reprezint\u0103 nu numai [&hellip;]\" \/>\n<meta property=\"og:url\" content=\"https:\/\/dev.bilborchalet.com\/en\/traieste\/\" \/>\n<meta property=\"og:site_name\" content=\"Bilbor Chalet\" \/>\n<meta property=\"article:modified_time\" content=\"2024-04-16T12:45:29+00:00\" \/>\n<meta name=\"twitter:card\" content=\"summary_large_image\" \/>\n<meta name=\"twitter:label1\" content=\"Estimated reading time\" \/>\n\t<meta name=\"twitter:data1\" content=\"3 minutes\" \/>\n<script type=\"application\/ld+json\" class=\"yoast-schema-graph\">{\"@context\":\"https:\/\/schema.org\",\"@graph\":[{\"@type\":\"WebPage\",\"@id\":\"https:\/\/dev.bilborchalet.com\/traieste\/\",\"url\":\"https:\/\/dev.bilborchalet.com\/traieste\/\",\"name\":\"Tr\u0103ie\u0219te - Bilbor Chalet\",\"isPartOf\":{\"@id\":\"https:\/\/dev.bilborchalet.com\/#website\"},\"datePublished\":\"2022-02-06T15:38:50+00:00\",\"dateModified\":\"2024-04-16T12:45:29+00:00\",\"breadcrumb\":{\"@id\":\"https:\/\/dev.bilborchalet.com\/traieste\/#breadcrumb\"},\"inLanguage\":\"en-GB\",\"potentialAction\":[{\"@type\":\"ReadAction\",\"target\":[\"https:\/\/dev.bilborchalet.com\/traieste\/\"]}]},{\"@type\":\"BreadcrumbList\",\"@id\":\"https:\/\/dev.bilborchalet.com\/traieste\/#breadcrumb\",\"itemListElement\":[{\"@type\":\"ListItem\",\"position\":1,\"name\":\"Home\",\"item\":\"https:\/\/dev.bilborchalet.com\/\"},{\"@type\":\"ListItem\",\"position\":2,\"name\":\"Tr\u0103ie\u0219te\"}]},{\"@type\":\"WebSite\",\"@id\":\"https:\/\/dev.bilborchalet.com\/#website\",\"url\":\"https:\/\/dev.bilborchalet.com\/\",\"name\":\"Bilbor Chalet\",\"description\":\"Locul unde natura se contope\u0219te cu confortul\",\"publisher\":{\"@id\":\"https:\/\/dev.bilborchalet.com\/#organization\"},\"potentialAction\":[{\"@type\":\"SearchAction\",\"target\":{\"@type\":\"EntryPoint\",\"urlTemplate\":\"https:\/\/dev.bilborchalet.com\/?s={search_term_string}\"},\"query-input\":\"required name=search_term_string\"}],\"inLanguage\":\"en-GB\"},{\"@type\":\"Organization\",\"@id\":\"https:\/\/dev.bilborchalet.com\/#organization\",\"name\":\"Bilbor Chalet\",\"url\":\"https:\/\/dev.bilborchalet.com\/\",\"logo\":{\"@type\":\"ImageObject\",\"inLanguage\":\"en-GB\",\"@id\":\"https:\/\/dev.bilborchalet.com\/#\/schema\/logo\/image\/\",\"url\":\"https:\/\/i0.wp.com\/dev.bilborchalet.com\/wp-content\/uploads\/2022\/02\/BilbormainLogo.png?fit=500%2C500&ssl=1\",\"contentUrl\":\"https:\/\/i0.wp.com\/dev.bilborchalet.com\/wp-content\/uploads\/2022\/02\/BilbormainLogo.png?fit=500%2C500&ssl=1\",\"width\":500,\"height\":500,\"caption\":\"Bilbor Chalet\"},\"image\":{\"@id\":\"https:\/\/dev.bilborchalet.com\/#\/schema\/logo\/image\/\"}}]}<\/script>\n<!-- \/ Yoast SEO plugin. -->","yoast_head_json":{"title":"Tr\u0103ie\u0219te - Bilbor Chalet","robots":{"index":"noindex","follow":"follow","max-snippet":"max-snippet:-1","max-image-preview":"max-image-preview:large","max-video-preview":"max-video-preview:-1"},"og_locale":"en_GB","og_type":"article","og_title":"Tr\u0103ie\u0219te - Bilbor Chalet","og_description":"Drag\u0103 doritorule de lini\u0219te, \u0218tim, e\u0219ti \u00een c\u0103utarea unui loc idilic unde s\u0103 po\u021bi uita de aglomera\u021bie \u0219i de zgomotul problemelor cotidiene. Dore\u0219ti s\u0103 te relaxezi cu adev\u0103rat al\u0103turi de cei dragi \u021bie, s\u0103 te deconectezi \u0219i s\u0103 redescoperi sensul bucuriilor mici \u00een via\u021b\u0103\u2026Ei bine, ai ajuns \u00een locul potrivit! Bilbor Chalet reprezint\u0103 nu numai [&hellip;]","og_url":"https:\/\/dev.bilborchalet.com\/en\/traieste\/","og_site_name":"Bilbor Chalet","article_modified_time":"2024-04-16T12:45:29+00:00","twitter_card":"summary_large_image","twitter_misc":{"Estimated reading time":"3 minutes"},"schema":{"@context":"https:\/\/schema.org","@graph":[{"@type":"WebPage","@id":"https:\/\/dev.bilborchalet.com\/traieste\/","url":"https:\/\/dev.bilborchalet.com\/traieste\/","name":"Tr\u0103ie\u0219te - Bilbor Chalet","isPartOf":{"@id":"https:\/\/dev.bilborchalet.com\/#website"},"datePublished":"2022-02-06T15:38:50+00:00","dateModified":"2024-04-16T12:45:29+00:00","breadcrumb":{"@id":"https:\/\/dev.bilborchalet.com\/traieste\/#breadcrumb"},"inLanguage":"en-GB","potentialAction":[{"@type":"ReadAction","target":["https:\/\/dev.bilborchalet.com\/traieste\/"]}]},{"@type":"BreadcrumbList","@id":"https:\/\/dev.bilborchalet.com\/traieste\/#breadcrumb","itemListElement":[{"@type":"ListItem","position":1,"name":"Home","item":"https:\/\/dev.bilborchalet.com\/"},{"@type":"ListItem","position":2,"name":"Tr\u0103ie\u0219te"}]},{"@type":"WebSite","@id":"https:\/\/dev.bilborchalet.com\/#website","url":"https:\/\/dev.bilborchalet.com\/","name":"Bilbor Chalet","description":"Locul unde natura se contope\u0219te cu confortul","publisher":{"@id":"https:\/\/dev.bilborchalet.com\/#organization"},"potentialAction":[{"@type":"SearchAction","target":{"@type":"EntryPoint","urlTemplate":"https:\/\/dev.bilborchalet.com\/?s={search_term_string}"},"query-input":"required name=search_term_string"}],"inLanguage":"en-GB"},{"@type":"Organization","@id":"https:\/\/dev.bilborchalet.com\/#organization","name":"Bilbor Chalet","url":"https:\/\/dev.bilborchalet.com\/","logo":{"@type":"ImageObject","inLanguage":"en-GB","@id":"https:\/\/dev.bilborchalet.com\/#\/schema\/logo\/image\/","url":"https:\/\/i0.wp.com\/dev.bilborchalet.com\/wp-content\/uploads\/2022\/02\/BilbormainLogo.png?fit=500%2C500&ssl=1","contentUrl":"https:\/\/i0.wp.com\/dev.bilborchalet.com\/wp-content\/uploads\/2022\/02\/BilbormainLogo.png?fit=500%2C500&ssl=1","width":500,"height":500,"caption":"Bilbor Chalet"},"image":{"@id":"https:\/\/dev.bilborchalet.com\/#\/schema\/logo\/image\/"}}]}},"jetpack_sharing_enabled":true,"_links":{"self":[{"href":"https:\/\/dev.bilborchalet.com\/en\/wp-json\/wp\/v2\/pages\/16","targetHints":{"allow":["GET"]}}],"collection":[{"href":"https:\/\/dev.bilborchalet.com\/en\/wp-json\/wp\/v2\/pages"}],"about":[{"href":"https:\/\/dev.bilborchalet.com\/en\/wp-json\/wp\/v2\/types\/page"}],"author":[{"embeddable":true,"href":"https:\/\/dev.bilborchalet.com\/en\/wp-json\/wp\/v2\/users\/4"}],"replies":[{"embeddable":true,"href":"https:\/\/dev.bilborchalet.com\/en\/wp-json\/wp\/v2\/comments?post=16"}],"version-history":[{"count":208,"href":"https:\/\/dev.bilborchalet.com\/en\/wp-json\/wp\/v2\/pages\/16\/revisions"}],"predecessor-version":[{"id":2234,"href":"https:\/\/dev.bilborchalet.com\/en\/wp-json\/wp\/v2\/pages\/16\/revisions\/2234"}],"wp:attachment":[{"href":"https:\/\/dev.bilborchalet.com\/en\/wp-json\/wp\/v2\/media?parent=16"}],"curies":[{"name":"wp","href":"https:\/\/api.w.org\/{rel}","templated":true}]}}